{"id":6560,"date":"2026-04-16T14:48:36","date_gmt":"2026-04-16T12:48:36","guid":{"rendered":"https:\/\/www.nomadcatamaran.com\/reservation\/excursion-privee-en-catamaran-sunset-4h-formule-duo\/"},"modified":"2026-04-16T16:58:43","modified_gmt":"2026-04-16T14:58:43","slug":"excursion-privee-en-catamaran-sunset-4h-formule-duo","status":"publish","type":"product","link":"https:\/\/www.nomadcatamaran.com\/en\/booking\/excursion-privee-en-catamaran-sunset-4h-formule-duo\/","title":{"rendered":"Private catamaran excursion &#8211; SUNSET (4h) &#8211; DUO formula"},"content":{"rendered":"<div class=\"catamaran-sheet\">\n<hr class=\"cat-divider\">\n<p><!-- &#x2705; Points forts DANS le bloc bleu --><\/p>\n<div class=\"catamaran-hero\">\n<p class=\"catamaran-note\">Embark on a magical evening aboard our spacious <strong>NOMAD3 and NOMAD4<\/strong> catamarans, with professional skipper, and let yourself be enchanted by the beauty of the L\u00e9rins Islands at dusk. Join us for <strong>an exceptional half-day (5:30-9:30 pm)<\/strong> and enjoy an unforgettable experience on the C\u00f4te d&#8217;Azur. Our professional skipper will guide you through <strong>the colorful waters of the Mediterranean<\/strong>.  <\/p>\n<h3>&#x2728; Highlights<\/h3>\n<ul class=\"catamaran-list\">\n<li>Rental and privatization of two catamarans with skipper (capacity from 24 to 36 people)<\/li>\n<li>Discover the L\u00e9rins Islands, Calanques de l&#8217;Est\u00e9rel, \u00cele d&#8217;Or or Cap d&#8217;Antibes<\/li>\n<li>Admire the sunset between the \u00celes de L\u00e9rins<\/li>\n<li>Aperitif offered on board or in the water<\/li>\n<li>Stand-up paddle, snorkeling and underwater scooters, twice as many water toys thanks to the presence of two catamarans<\/li>\n<li>The two catamarans have been designed to form a single mooring area, making it easy to move from one to the other.<\/li>\n<li>Optional meals in a no-plastic spirit (everything provided on board)<\/li>\n<li>Free for children under 6<\/li>\n<\/ul>\n<\/div>\n<p><!-- AU PROGRAMME --><\/p>\n<div class=\"catamaran-section\">\n<h3>&#x2693; On the program<\/h3>\n<ul class=\"catamaran-list\">\n<li><strong>Enjoy calm seas<\/strong> and a relaxed atmosphere, far from the hustle and bustle of the day.<\/li>\n<li><strong>Share a convivial moment<\/strong> with friends and family.<\/li>\n<li><strong>Let yourself be rocked by the waves<\/strong> and admire the coastal scenery illuminated by the last light of day.<\/li>\n<\/ul>\n<p class=\"catamaran-note\">This excursion is an invitation to relax, marvel and share, ideal for nature lovers, photography enthusiasts and epicureans in search of a unique and unforgettable experience on the C\u00f4te d&#8217;Azur.<\/p>\n<\/div>\n<hr class=\"cat-divider\">\n<p><!-- ITIN\u00c9RAIRES (accord\u00e9on) --><\/p>\n<details class=\"catamaran-accordion\">\n<summary>\n<h4>&#x1f3dd; Exceptional itineraries<\/h4>\n<\/summary>\n<div class=\"accordion-content\">\n<div class=\"catamaran-itineraries\">\n<div class=\"itinerary\">\n<h4>Discovering the L\u00e9rins Islands<\/h4>\n<p>Explore the secluded coves and enchanting landscapes of these islands steeped in history, bathed in the soft evening light.<\/p>\n<\/div>\n<div class=\"itinerary\">\n<h4>Spectacular sunset<\/h4>\n<p>Admire a breathtaking sunset from a privileged vantage point, with the Bay of Cannes and its mountains in the background. A magical moment to immortalize your memories. <\/p>\n<\/div>\n<div class=\"itinerary\">\n<h4>Aperitif<\/h4>\n<p>Enjoy an aperitif served on board, which can be complemented by a meal featuring fresh local produce.<\/p>\n<\/div>\n<div class=\"itinerary\">\n<h4>Nautical activities<\/h4>\n<p>Dive into the crystal-clear waters for a snorkeling session, explore the surrounding area on a stand-up paddle or discover the unique sensations of an underwater electric scooter.<\/p>\n<\/div>\n<\/div>\n<p class=\"catamaran-note\">Souvenir photos: Enjoy the golden lights of sunset to capture unforgettable moments and create lasting memories.<\/p>\n<\/div>\n<\/details>\n<p><!-- PLUS D'INFOS --><\/p>\n<details class=\"catamaran-accordion\">\n<summary>\n<h4>&#x2139; Booking information<\/h4>\n<\/summary>\n<div class=\"accordion-content\">\n<div class=\"info-grid\">\n<div class=\"info-card\">\n<h4>&#x2705; Included<\/h4>\n<ul>\n<li>Still and sparkling water, fresh juice<\/li>\n<li>Breakfast, muffins, nuts, dried fruit, tea and coffee <i>(in keeping with our <b>&#8220;No Plastic&#8221;<\/b> ethic <b>)<\/b><\/i><\/li>\n<li>Aperitif with savoury snacks<\/li>\n<li>Professional crew<\/li>\n<li>Fuel and insurance<\/li>\n<li>On-board music via Bluetooth<\/li>\n<li>Water sports equipment: stand-up paddle for 1 to 2 people, BIG stand-up paddle for 8 to 10 people, snorkeling equipment (masks and snorkels), electric underwater scooters, &#8230;<\/li>\n<\/ul>\n<\/div>\n<div class=\"info-card\">\n<h4>&#x2757; To be planned<\/h4>\n<ul>\n<li>Swimsuit<\/li>\n<li>Bath towel<\/li>\n<li>Sun cream<\/li>\n<li>&#8230;and your smile &#x1f609;<\/li>\n<\/ul>\n<\/div>\n<div class=\"info-card\">\n<h4>&#x23f1;&#xfe0f; Cancellation policy<\/h4>\n<ul>\n<li><b>Free cancellation up to 72 hours<\/b> before privatization departure date<\/li>\n<li>Refund in the form of a credit note (valid for 18 months) up to 48 hours before departure of the privatization.<\/li>\n<\/ul>\n<p class=\"catamaran-note\">This activity is subject to weather conditions and may be postponed or cancelled (in the event of cancellation on our part, you will receive a full refund).<\/p>\n<\/div>\n<div class=\"info-card\">\n<h4>&#x2696; Rules on board<\/h4>\n<ul>\n<li>Non-smoking boat<\/li>\n<li>Electronic cigarettes tolerated<\/li>\n<\/ul>\n<\/div>\n<\/div>\n<\/div>\n<\/details>\n<p><!-- ACC\u00c8S --><\/p>\n<details class=\"catamaran-accordion\">\n<summary>\n<h4>&#x1f4cd; Access<\/h4>\n<\/summary>\n<div class=\"accordion-content\">\n<div class=\"info-grid\">\n<div class=\"info-card\">\n<h4>Home port<\/h4>\n<p><iframe loading=\"lazy\" style=\"border: 0;\" src=\"https:\/\/www.google.com\/maps?q=Port%20de%20la%20Rague%20Mandelieu&amp;output=embed\" width=\"100%\" height=\"260\"><br \/>\n<\/iframe><\/p>\n<\/div>\n<div class=\"info-card\">\n<h4>Parking<\/h4>\n<p>&#x1f17f;&#xfe0f; Free parking in front of the port<\/p>\n<p>&#x1f17f;&#xfe0f; Pay parking lot at the port<\/p>\n<\/div>\n<\/div>\n<\/div>\n<\/details>\n<p><!-- AVIS --><\/p>\n<details class=\"catamaran-accordion\">\n<summary>\n<h4>&#x1f4ac; Notice<\/h4>\n<\/summary>\n<div class=\"accordion-content\"><div data-src=\"https:\/\/cdn.trustindex.io\/loader.js?8a842b4637a2000143364e63312\"><\/div><\/div>\n<\/details>\n<\/div>\n","protected":false},"excerpt":{"rendered":"<div class=\"catamaran-sheet\">\n<div class=\"catamaran-hero\">\n<h2>Private Catamaran Excursion &#8211; DUO -&gt; SUNSET<\/h2>\n<div class=\"catamaran-badges\"><span class=\"badge\">&#x23f1;&#xfe0f; 4h<\/span><br \/>\n<span class=\"badge\">&#x1f557; 17h30 &#8211; 21h30<\/span><br \/>\n<span class=\"badge\">&#x26f5; DUO<\/span><br \/>\n<span class=\"badge\">&#x1f465; 24-36 pers.<\/span><\/div>\n<p class=\"catamaran-intro\">Come aboard NOMAD3 &amp; NOMAD4 for <b>an unforgettable sunset excursion between the L\u00e9rins islands<\/b>. Enjoy a relaxed atmosphere, far from the hustle and bustle of the day. Share a convivial moment with your loved ones, friends or family over an aperitif served on board or in the water. <a class=\"catamaran-readmore\" href=\"#tab-description\">See <span class=\"arrow\">details\u2193<\/span><\/a>  <\/p>\n<p class=\"catamaran-strong\"><strong>At anchor, the two catamarans unite to create a unique, flowing space, offering total freedom of movement on board.<\/strong><\/p>\n<p class=\"catamaran-location\">&#x1f4cd; Port de la Rague &#8211; Mandelieu<\/p>\n<\/div>\n<\/div>\n","protected":false},"featured_media":6528,"comment_status":"closed","ping_status":"closed","template":"","meta":[],"product_brand":[],"product_cat":[41],"product_tag":[],"class_list":{"0":"post-6560","1":"product","2":"type-product","3":"status-publish","4":"has-post-thumbnail","6":"product_cat-uncategorized","8":"first","9":"instock","10":"virtual","11":"sold-individually","12":"taxable","13":"purchasable","14":"product-type-booking"},"booking_location":"","booking_location_type":"","booking_duration":4,"booking_duration_unit":"hour","booking_buffer":0,"booking_cost":0,"booking_resources":[5072,5069],"exclude_global_add_ons":false,"addons":[{"name":"Menu packages","type":"multiple_choice","position":0,"required":false,"title_format":"label","default":"","description_enable":true,"description":"<i>(Price per person)<\/i> - <a href=\"https:\/\/www.nomadcatamaran.com\/menu\/\" target=\"_blank\">See menus<\/a>","placeholder_enable":false,"placeholder":null,"display":"select","restrictions_type":"any_text","adjust_price":false,"price":"","price_type":"flat_fee","restrictions":false,"min":"0","max":"0","options":[{"label":"M \u2013 Appetizer + Main Course","price":"28","price_type":"quantity_based","image":0,"visibility":true},{"label":"L \u2013 Appetizer + Main Course + Dessert","price":"36","price_type":"quantity_based","image":0,"visibility":true},{"label":"XL \u2013 Appetizer + Main Course + Cheese + Dessert","price":"44","price_type":"quantity_based","image":0,"visibility":true}],"id":1774632456},{"name":"Aperitif box","type":"multiple_choice","position":1,"required":false,"title_format":"label","default":"","description_enable":true,"description":"<i>(Box 4 persons + macaroons)<\/i> - <a href=\"https:\/\/www.nomadcatamaran.com\/menu\/\" target=\"_blank\">See the boxes<\/a>","placeholder_enable":false,"placeholder":null,"display":"select","restrictions_type":"any_text","adjust_price":false,"price":"","price_type":"flat_fee","restrictions":false,"min":"0","max":"0","options":[{"label":"1 box","price":"116","price_type":"flat_fee","image":0,"visibility":true},{"label":"2 boxes","price":"232","price_type":"flat_fee","image":0,"visibility":true},{"label":"3 boxes","price":"348","price_type":"flat_fee","image":0,"visibility":true},{"label":"4 boxes","price":"464","price_type":"flat_fee","image":0,"visibility":true},{"label":"5 boxes","price":"580","price_type":"flat_fee","image":0,"visibility":true},{"label":"6 boxes","price":"696","price_type":"flat_fee","image":0,"visibility":true},{"label":"7 boxes","price":"812","price_type":"flat_fee","image":0,"visibility":true},{"label":"8 boxes","price":"928","price_type":"flat_fee","image":0,"visibility":true},{"label":"9 boxes","price":"1044","price_type":"flat_fee","image":0,"visibility":true},{"label":"10 boxes","price":"1160","price_type":"flat_fee","image":0,"visibility":true},{"label":"11 boxes","price":"1276","price_type":"flat_fee","image":0,"visibility":true},{"label":"12 boxes","price":"1392","price_type":"flat_fee","image":0,"visibility":true}],"id":1774632457},{"name":"Gourmet supplement","type":"checkbox","position":2,"required":false,"title_format":"label","default":"","description_enable":true,"description":"<i>(Price per person)<\/i>","placeholder_enable":false,"placeholder":null,"display":"select","restrictions_type":"any_text","adjust_price":false,"price":"","price_type":"flat_fee","restrictions":false,"min":"0","max":"0","options":[{"label":"Fruit platter","price":"10","price_type":"quantity_based","image":0,"visibility":true}],"id":1774632458},{"name":"Additional hour(s)","type":"multiple_choice","position":3,"required":false,"title_format":"label","default":"","description_enable":false,"description":null,"placeholder_enable":false,"placeholder":null,"display":"select","restrictions_type":"any_text","adjust_price":false,"price":"","price_type":"flat_fee","restrictions":false,"min":"0","max":"0","options":[{"label":"+1 hour (\u2264 12 people) - Fixed price","price":"20","price_type":"quantity_based","image":0,"visibility":true},{"label":"+1 hour (&gt; 12 people) - Price\/pers.","price":"40","price_type":"quantity_based","image":0,"visibility":true}],"id":1774632459},{"name":"Nautical options","type":"multiple_choice","position":4,"required":false,"title_format":"label","default":"","description_enable":true,"description":null,"placeholder_enable":false,"placeholder":null,"display":"images","restrictions_type":"any_text","adjust_price":false,"price":"","price_type":"flat_fee","restrictions":false,"min":"0","max":"0","options":[{"label":"Giant inflatable slide","price":"150","price_type":"flat_fee","image":4646,"visibility":true},{"label":"Giant 4-person sofa","price":"100","price_type":"flat_fee","image":4645,"visibility":true}],"id":1774632460}],"yoast_head":"<!-- This site is optimized with the Yoast SEO plugin v27.5 - https:\/\/yoast.com\/product\/yoast-seo-wordpress\/ -->\n<title>Private catamaran excursion - SUNSET (4h) - DUO formula - nomadcatamaran.com<\/title>\n<meta name=\"robots\" content=\"index, follow, max-snippet:-1, max-image-preview:large, max-video-preview:-1\" \/>\n<link rel=\"canonical\" href=\"https:\/\/www.nomadcatamaran.com\/en\/booking\/excursion-privee-en-catamaran-sunset-4h-formule-duo\/\" \/>\n<meta property=\"og:locale\" content=\"en_US\" \/>\n<meta property=\"og:type\" content=\"article\" \/>\n<meta property=\"og:title\" content=\"Private catamaran excursion - SUNSET (4h) - DUO formula - nomadcatamaran.com\" \/>\n<meta property=\"og:description\" content=\"Private Catamaran Excursion - DUO -&gt; SUNSET &#x23f1;&#xfe0f; 4h &#x1f557; 17h30 - 21h30 &#x26f5; DUO &#x1f465; 24-36 pers. Come aboard NOMAD3 &amp; NOMAD4 for an unforgettable sunset excursion between the L\u00e9rins islands. Enjoy a relaxed atmosphere, far from the hustle and bustle of the day. Share a convivial moment with your loved ones, friends or family over an aperitif served on board or in the water. See details\u2193  At anchor, the two catamarans unite to create a unique, flowing space, offering total freedom of movement on board. &#x1f4cd; Port de la Rague - Mandelieu\" \/>\n<meta property=\"og:url\" content=\"https:\/\/www.nomadcatamaran.com\/en\/booking\/excursion-privee-en-catamaran-sunset-4h-formule-duo\/\" \/>\n<meta property=\"og:site_name\" content=\"nomadcatamaran.com\" \/>\n<meta property=\"article:modified_time\" content=\"2026-04-16T14:58:43+00:00\" \/>\n<meta property=\"og:image\" content=\"https:\/\/www.nomadcatamaran.com\/wp-content\/uploads\/formule-duo-journee-sunset.jpg\" \/>\n\t<meta property=\"og:image:width\" content=\"1024\" \/>\n\t<meta property=\"og:image:height\" content=\"1024\" \/>\n\t<meta property=\"og:image:type\" content=\"image\/jpeg\" \/>\n<meta name=\"twitter:card\" content=\"summary_large_image\" \/>\n<meta name=\"twitter:label1\" content=\"Est. reading time\" \/>\n\t<meta name=\"twitter:data1\" content=\"4 minutes\" \/>\n<script type=\"application\/ld+json\" class=\"yoast-schema-graph\">{\"@context\":\"https:\\\/\\\/schema.org\",\"@graph\":[{\"@type\":\"WebPage\",\"@id\":\"https:\\\/\\\/www.nomadcatamaran.com\\\/en\\\/booking\\\/excursion-privee-en-catamaran-sunset-4h-formule-duo\\\/\",\"url\":\"https:\\\/\\\/www.nomadcatamaran.com\\\/en\\\/booking\\\/excursion-privee-en-catamaran-sunset-4h-formule-duo\\\/\",\"name\":\"Private catamaran excursion - SUNSET (4h) - DUO formula - nomadcatamaran.com\",\"isPartOf\":{\"@id\":\"https:\\\/\\\/www.nomadcatamaran.com\\\/en\\\/#website\"},\"primaryImageOfPage\":{\"@id\":\"https:\\\/\\\/www.nomadcatamaran.com\\\/en\\\/booking\\\/excursion-privee-en-catamaran-sunset-4h-formule-duo\\\/#primaryimage\"},\"image\":{\"@id\":\"https:\\\/\\\/www.nomadcatamaran.com\\\/en\\\/booking\\\/excursion-privee-en-catamaran-sunset-4h-formule-duo\\\/#primaryimage\"},\"thumbnailUrl\":\"https:\\\/\\\/www.nomadcatamaran.com\\\/wp-content\\\/uploads\\\/formule-duo-journee-sunset.jpg\",\"datePublished\":\"2026-04-16T12:48:36+00:00\",\"dateModified\":\"2026-04-16T14:58:43+00:00\",\"breadcrumb\":{\"@id\":\"https:\\\/\\\/www.nomadcatamaran.com\\\/en\\\/booking\\\/excursion-privee-en-catamaran-sunset-4h-formule-duo\\\/#breadcrumb\"},\"inLanguage\":\"en-US\",\"potentialAction\":[{\"@type\":\"ReadAction\",\"target\":[\"https:\\\/\\\/www.nomadcatamaran.com\\\/en\\\/booking\\\/excursion-privee-en-catamaran-sunset-4h-formule-duo\\\/\"]}]},{\"@type\":\"ImageObject\",\"inLanguage\":\"en-US\",\"@id\":\"https:\\\/\\\/www.nomadcatamaran.com\\\/en\\\/booking\\\/excursion-privee-en-catamaran-sunset-4h-formule-duo\\\/#primaryimage\",\"url\":\"https:\\\/\\\/www.nomadcatamaran.com\\\/wp-content\\\/uploads\\\/formule-duo-journee-sunset.jpg\",\"contentUrl\":\"https:\\\/\\\/www.nomadcatamaran.com\\\/wp-content\\\/uploads\\\/formule-duo-journee-sunset.jpg\",\"width\":1024,\"height\":1024},{\"@type\":\"BreadcrumbList\",\"@id\":\"https:\\\/\\\/www.nomadcatamaran.com\\\/en\\\/booking\\\/excursion-privee-en-catamaran-sunset-4h-formule-duo\\\/#breadcrumb\",\"itemListElement\":[{\"@type\":\"ListItem\",\"position\":1,\"name\":\"Accueil\",\"item\":\"https:\\\/\\\/www.nomadcatamaran.com\\\/en\\\/\"},{\"@type\":\"ListItem\",\"position\":2,\"name\":\"Shop\",\"item\":\"https:\\\/\\\/www.nomadcatamaran.com\\\/en\\\/shop\\\/\"},{\"@type\":\"ListItem\",\"position\":3,\"name\":\"Private catamaran excursion &#8211; SUNSET (4h) &#8211; DUO formula\"}]},{\"@type\":\"WebSite\",\"@id\":\"https:\\\/\\\/www.nomadcatamaran.com\\\/en\\\/#website\",\"url\":\"https:\\\/\\\/www.nomadcatamaran.com\\\/en\\\/\",\"name\":\"nomadcatamaran.com\",\"description\":\"nomadcatamaran.com\",\"publisher\":{\"@id\":\"https:\\\/\\\/www.nomadcatamaran.com\\\/en\\\/#organization\"},\"potentialAction\":[{\"@type\":\"SearchAction\",\"target\":{\"@type\":\"EntryPoint\",\"urlTemplate\":\"https:\\\/\\\/www.nomadcatamaran.com\\\/en\\\/?s={search_term_string}\"},\"query-input\":{\"@type\":\"PropertyValueSpecification\",\"valueRequired\":true,\"valueName\":\"search_term_string\"}}],\"inLanguage\":\"en-US\"},{\"@type\":\"Organization\",\"@id\":\"https:\\\/\\\/www.nomadcatamaran.com\\\/en\\\/#organization\",\"name\":\"Nomad Catamaran\",\"url\":\"https:\\\/\\\/www.nomadcatamaran.com\\\/en\\\/\",\"logo\":{\"@type\":\"ImageObject\",\"inLanguage\":\"en-US\",\"@id\":\"https:\\\/\\\/www.nomadcatamaran.com\\\/en\\\/#\\\/schema\\\/logo\\\/image\\\/\",\"url\":\"https:\\\/\\\/www.nomadcatamaran.com\\\/wp-content\\\/uploads\\\/2025\\\/07\\\/Logo-NOMAD-Catamaran2025.png\",\"contentUrl\":\"https:\\\/\\\/www.nomadcatamaran.com\\\/wp-content\\\/uploads\\\/2025\\\/07\\\/Logo-NOMAD-Catamaran2025.png\",\"width\":320,\"height\":80,\"caption\":\"Nomad Catamaran\"},\"image\":{\"@id\":\"https:\\\/\\\/www.nomadcatamaran.com\\\/en\\\/#\\\/schema\\\/logo\\\/image\\\/\"}}]}<\/script>\n<!-- \/ Yoast SEO plugin. -->","yoast_head_json":{"title":"Private catamaran excursion - SUNSET (4h) - DUO formula - nomadcatamaran.com","robots":{"index":"index","follow":"follow","max-snippet":"max-snippet:-1","max-image-preview":"max-image-preview:large","max-video-preview":"max-video-preview:-1"},"canonical":"https:\/\/www.nomadcatamaran.com\/en\/booking\/excursion-privee-en-catamaran-sunset-4h-formule-duo\/","og_locale":"en_US","og_type":"article","og_title":"Private catamaran excursion - SUNSET (4h) - DUO formula - nomadcatamaran.com","og_description":"Private Catamaran Excursion - DUO -&gt; SUNSET &#x23f1;&#xfe0f; 4h &#x1f557; 17h30 - 21h30 &#x26f5; DUO &#x1f465; 24-36 pers. Come aboard NOMAD3 &amp; NOMAD4 for an unforgettable sunset excursion between the L\u00e9rins islands. Enjoy a relaxed atmosphere, far from the hustle and bustle of the day. Share a convivial moment with your loved ones, friends or family over an aperitif served on board or in the water. See details\u2193  At anchor, the two catamarans unite to create a unique, flowing space, offering total freedom of movement on board. &#x1f4cd; Port de la Rague - Mandelieu","og_url":"https:\/\/www.nomadcatamaran.com\/en\/booking\/excursion-privee-en-catamaran-sunset-4h-formule-duo\/","og_site_name":"nomadcatamaran.com","article_modified_time":"2026-04-16T14:58:43+00:00","og_image":[{"width":1024,"height":1024,"url":"https:\/\/www.nomadcatamaran.com\/wp-content\/uploads\/formule-duo-journee-sunset.jpg","type":"image\/jpeg"}],"twitter_card":"summary_large_image","twitter_misc":{"Est. reading time":"4 minutes"},"schema":{"@context":"https:\/\/schema.org","@graph":[{"@type":"WebPage","@id":"https:\/\/www.nomadcatamaran.com\/en\/booking\/excursion-privee-en-catamaran-sunset-4h-formule-duo\/","url":"https:\/\/www.nomadcatamaran.com\/en\/booking\/excursion-privee-en-catamaran-sunset-4h-formule-duo\/","name":"Private catamaran excursion - SUNSET (4h) - DUO formula - nomadcatamaran.com","isPartOf":{"@id":"https:\/\/www.nomadcatamaran.com\/en\/#website"},"primaryImageOfPage":{"@id":"https:\/\/www.nomadcatamaran.com\/en\/booking\/excursion-privee-en-catamaran-sunset-4h-formule-duo\/#primaryimage"},"image":{"@id":"https:\/\/www.nomadcatamaran.com\/en\/booking\/excursion-privee-en-catamaran-sunset-4h-formule-duo\/#primaryimage"},"thumbnailUrl":"https:\/\/www.nomadcatamaran.com\/wp-content\/uploads\/formule-duo-journee-sunset.jpg","datePublished":"2026-04-16T12:48:36+00:00","dateModified":"2026-04-16T14:58:43+00:00","breadcrumb":{"@id":"https:\/\/www.nomadcatamaran.com\/en\/booking\/excursion-privee-en-catamaran-sunset-4h-formule-duo\/#breadcrumb"},"inLanguage":"en-US","potentialAction":[{"@type":"ReadAction","target":["https:\/\/www.nomadcatamaran.com\/en\/booking\/excursion-privee-en-catamaran-sunset-4h-formule-duo\/"]}]},{"@type":"ImageObject","inLanguage":"en-US","@id":"https:\/\/www.nomadcatamaran.com\/en\/booking\/excursion-privee-en-catamaran-sunset-4h-formule-duo\/#primaryimage","url":"https:\/\/www.nomadcatamaran.com\/wp-content\/uploads\/formule-duo-journee-sunset.jpg","contentUrl":"https:\/\/www.nomadcatamaran.com\/wp-content\/uploads\/formule-duo-journee-sunset.jpg","width":1024,"height":1024},{"@type":"BreadcrumbList","@id":"https:\/\/www.nomadcatamaran.com\/en\/booking\/excursion-privee-en-catamaran-sunset-4h-formule-duo\/#breadcrumb","itemListElement":[{"@type":"ListItem","position":1,"name":"Accueil","item":"https:\/\/www.nomadcatamaran.com\/en\/"},{"@type":"ListItem","position":2,"name":"Shop","item":"https:\/\/www.nomadcatamaran.com\/en\/shop\/"},{"@type":"ListItem","position":3,"name":"Private catamaran excursion &#8211; SUNSET (4h) &#8211; DUO formula"}]},{"@type":"WebSite","@id":"https:\/\/www.nomadcatamaran.com\/en\/#website","url":"https:\/\/www.nomadcatamaran.com\/en\/","name":"nomadcatamaran.com","description":"nomadcatamaran.com","publisher":{"@id":"https:\/\/www.nomadcatamaran.com\/en\/#organization"},"potentialAction":[{"@type":"SearchAction","target":{"@type":"EntryPoint","urlTemplate":"https:\/\/www.nomadcatamaran.com\/en\/?s={search_term_string}"},"query-input":{"@type":"PropertyValueSpecification","valueRequired":true,"valueName":"search_term_string"}}],"inLanguage":"en-US"},{"@type":"Organization","@id":"https:\/\/www.nomadcatamaran.com\/en\/#organization","name":"Nomad Catamaran","url":"https:\/\/www.nomadcatamaran.com\/en\/","logo":{"@type":"ImageObject","inLanguage":"en-US","@id":"https:\/\/www.nomadcatamaran.com\/en\/#\/schema\/logo\/image\/","url":"https:\/\/www.nomadcatamaran.com\/wp-content\/uploads\/2025\/07\/Logo-NOMAD-Catamaran2025.png","contentUrl":"https:\/\/www.nomadcatamaran.com\/wp-content\/uploads\/2025\/07\/Logo-NOMAD-Catamaran2025.png","width":320,"height":80,"caption":"Nomad Catamaran"},"image":{"@id":"https:\/\/www.nomadcatamaran.com\/en\/#\/schema\/logo\/image\/"}}]}},"_links":{"self":[{"href":"https:\/\/www.nomadcatamaran.com\/en\/wp-json\/wp\/v2\/product\/6560","targetHints":{"allow":["GET"]}}],"collection":[{"href":"https:\/\/www.nomadcatamaran.com\/en\/wp-json\/wp\/v2\/product"}],"about":[{"href":"https:\/\/www.nomadcatamaran.com\/en\/wp-json\/wp\/v2\/types\/product"}],"replies":[{"embeddable":true,"href":"https:\/\/www.nomadcatamaran.com\/en\/wp-json\/wp\/v2\/comments?post=6560"}],"wp:featuredmedia":[{"embeddable":true,"href":"https:\/\/www.nomadcatamaran.com\/en\/wp-json\/wp\/v2\/media\/6528"}],"wp:attachment":[{"href":"https:\/\/www.nomadcatamaran.com\/en\/wp-json\/wp\/v2\/media?parent=6560"}],"wp:term":[{"taxonomy":"product_brand","embeddable":true,"href":"https:\/\/www.nomadcatamaran.com\/en\/wp-json\/wp\/v2\/product_brand?post=6560"},{"taxonomy":"product_cat","embeddable":true,"href":"https:\/\/www.nomadcatamaran.com\/en\/wp-json\/wp\/v2\/product_cat?post=6560"},{"taxonomy":"product_tag","embeddable":true,"href":"https:\/\/www.nomadcatamaran.com\/en\/wp-json\/wp\/v2\/product_tag?post=6560"}],"curies":[{"name":"wp","href":"https:\/\/api.w.org\/{rel}","templated":true}]}}