{"id":6566,"date":"2026-04-16T14:36:16","date_gmt":"2026-04-16T12:36:16","guid":{"rendered":"https:\/\/www.nomadcatamaran.com\/reservation\/excursion-privee-en-catamaran-journee-8h-formule-duo\/"},"modified":"2026-04-16T17:07:11","modified_gmt":"2026-04-16T15:07:11","slug":"private-catamaran-excursion-day-8h-duo-formula","status":"publish","type":"product","link":"https:\/\/www.nomadcatamaran.com\/en\/booking\/private-catamaran-excursion-day-8h-duo-formula\/","title":{"rendered":"Private catamaran excursion &#8211; DAY (8h) &#8211; DUO Formula"},"content":{"rendered":"<div class=\"catamaran-sheet\">\n<hr class=\"cat-divider\">\n<p><!-- &#x2705; Points forts DANS le bloc bleu --><\/p>\n<div class=\"catamaran-hero\">\n<p class=\"catamaran-note\">Embark for an unforgettable day (9am-5pm) aboard our spacious <strong>NOMAD3 and NOMAD4<\/strong> catamarans, with professional skipper. This exclusive excursion will reveal <b>the jewels of the C\u00f4te d&#8217;Azur<\/b>, between paradisiac islands and breathtaking landscapes. <\/p>\n<h3>&#x2728; Highlights<\/h3>\n<ul class=\"catamaran-list\">\n<li>Rental and privatization of two catamarans with skipper (capacity from 24 to 36 people)<\/li>\n<li>Discover the L\u00e9rins Islands, Calanques de l&#8217;Est\u00e9rel, \u00cele d&#8217;Or or Cap d&#8217;Antibes<\/li>\n<li>Breakfast and Aperitif INCLUDED with drinks<\/li>\n<li>Stand-up paddle, snorkeling and underwater scooters, twice as many water toys thanks to the presence of two catamarans<\/li>\n<li>The two catamarans have been designed to form a single mooring area, making it easy to move from one to the other.<\/li>\n<li>Optional fresh meals prepared to order by our caterer<\/li>\n<li>Free for children under 6<\/li>\n<\/ul>\n<\/div>\n<p><!-- AU PROGRAMME --><\/p>\n<div class=\"catamaran-section\">\n<h3>&#x2693; On the program<\/h3>\n<ul class=\"catamaran-list\">\n<li><strong>Breakfast<\/strong>: Get your day off to a good start with a delicious, fresh breakfast served on board, featuring local, seasonal produce.<\/li>\n<li><strong>Peaceful sailing<\/strong>: Let yourself be lulled by the waves and admire the spectacular coastal scenery, bathed in the soft morning light, ideal for unforgettable photo memories.<\/li>\n<li><strong>Water activities<\/strong>: Dive into the crystal-clear waters and explore the seabed by snorkeling, try your hand at stand-up paddling, or discover the unique sensations of an underwater electric scooter.<\/li>\n<li><strong>A convivial aperitif<\/strong>: offered in the middle of the day to savor the moment of this cruise, which can be complemented by a meal (extra and on order).<\/li>\n<\/ul>\n<\/div>\n<hr class=\"cat-divider\">\n<p><!-- ITIN\u00c9RAIRES (accord\u00e9on) --><\/p>\n<details class=\"catamaran-accordion\">\n<summary>\n<h4>&#x1f3dd; Exceptional itineraries<\/h4>\n<\/summary>\n<div class=\"accordion-content\">\n<div class=\"catamaran-itineraries\">\n<div class=\"itinerary\">\n<h4>Exploring the L\u00e9rins Islands<\/h4>\n<p>Discover the wild beauty of Sainte-Marguerite island and the fascinating history of Saint-Honorat island, with its Cistercian monastery.<\/p>\n<\/div>\n<div class=\"itinerary\">\n<h4>Sailing in the heart of the Esterel massif<\/h4>\n<p>Marvel at the red rocks plunging into the turquoise sea, offering a unique natural spectacle.<\/p>\n<\/div>\n<div class=\"itinerary\">\n<h4>Cruise around the Isle of Gold  <\/h4>\n<p>Admire the charm of this private island, famous for its medieval tower and picturesque landscape.\n<\/p><\/div>\n<div class=\"itinerary\">\n<h4>Discover Cap d&#8217;Antibes and the Bay of Billionaires<\/h4>\n<p>Behold the sumptuous villas and luxury yachts for which this iconic bay is renowned.<\/p>\n<\/div>\n<\/div>\n<p class=\"catamaran-note\">Anchor in idyllic coves: Enjoy moments of relaxation and swimming in crystal-clear waters, far from the crowds.<\/p>\n<\/div>\n<\/details>\n<p><!-- PLUS D'INFOS --><\/p>\n<details class=\"catamaran-accordion\">\n<summary>\n<h4>&#x2139; Booking information<\/h4>\n<\/summary>\n<div class=\"accordion-content\">\n<div class=\"info-grid\">\n<div class=\"info-card\">\n<h4>&#x2705; Included<\/h4>\n<ul>\n<li>Still and sparkling water, fresh juice<\/li>\n<li>Breakfast, muffins, nuts, dried fruit, tea and coffee <i>(in keeping with our <b>&#8220;No Plastic&#8221;<\/b> ethic <b>)<\/b><\/i><\/li>\n<li>Aperitif with savoury snacks<\/li>\n<li>Professional crew<\/li>\n<li>Fuel and insurance<\/li>\n<li>On-board music via Bluetooth<\/li>\n<li>Water sports equipment: stand-up paddle for 1 to 2 people, BIG stand-up paddle for 8 to 10 people, snorkeling equipment (masks and snorkels), electric underwater scooters, &#8230;<\/li>\n<\/ul>\n<\/div>\n<div class=\"info-card\">\n<h4>&#x2757; To be planned<\/h4>\n<ul>\n<li>Swimsuit<\/li>\n<li>Bath towel<\/li>\n<li>Sun cream<\/li>\n<li>&#8230;and your smile &#x1f609;<\/li>\n<\/ul>\n<\/div>\n<div class=\"info-card\">\n<h4>&#x23f1;&#xfe0f; Cancellation policy<\/h4>\n<ul>\n<li><b>Free cancellation up to 72 hours<\/b> before privatization departure date<\/li>\n<li>Refund in the form of a credit note (valid for 18 months) up to 48 hours before departure of the privatization.<\/li>\n<\/ul>\n<p class=\"catamaran-note\">This activity is subject to weather conditions and may be postponed or cancelled (in the event of cancellation on our part, you will receive a full refund).<\/p>\n<\/div>\n<div class=\"info-card\">\n<h4>&#x2696; Rules on board<\/h4>\n<ul>\n<li>Non-smoking boat<\/li>\n<li>Electronic cigarettes tolerated<\/li>\n<\/ul>\n<\/div>\n<\/div>\n<\/div>\n<\/details>\n<p><!-- ACC\u00c8S --><\/p>\n<details class=\"catamaran-accordion\">\n<summary>\n<h4>&#x1f4cd; Access<\/h4>\n<\/summary>\n<div class=\"accordion-content\">\n<div class=\"info-grid\">\n<div class=\"info-card\">\n<h4>Home port<\/h4>\n<p><iframe loading=\"lazy\" style=\"border: 0;\" src=\"https:\/\/www.google.com\/maps?q=Port%20de%20la%20Rague%20Mandelieu&amp;output=embed\" width=\"100%\" height=\"260\"><br \/>\n<\/iframe><\/p>\n<\/div>\n<div class=\"info-card\">\n<h4>Parking<\/h4>\n<p>&#x1f17f;&#xfe0f; Free parking in front of the port<\/p>\n<p>&#x1f17f;&#xfe0f; Pay parking lot at the port<\/p>\n<\/div>\n<\/div>\n<\/div>\n<\/details>\n<p><!-- AVIS --><\/p>\n<details class=\"catamaran-accordion\">\n<summary>\n<h4>&#x1f4ac; Notice<\/h4>\n<\/summary>\n<div class=\"accordion-content\"><div data-src=\"https:\/\/cdn.trustindex.io\/loader.js?8a842b4637a2000143364e63312\"><\/div><\/div>\n<\/details>\n<\/div>\n","protected":false},"excerpt":{"rendered":"<div class=\"catamaran-sheet\">\n<div class=\"catamaran-hero\">\n<h2>Private Catamaran Excursion &#8211; DUO -&gt; DAY<\/h2>\n<div class=\"catamaran-badges\"><span class=\"badge\">&#x23f1;&#xfe0f; 8h<\/span><br \/>\n<span class=\"badge\">&#x1f557; 9h &#8211; 17h<\/span><br \/>\n<span class=\"badge\">&#x26f5; DUO<\/span><br \/>\n<span class=\"badge\">&#x1f465; 24-36 pers.<\/span><\/div>\n<p class=\"catamaran-intro\">Escape the crowds and treat yourself to a unique experience at sea aboard two catamarans. Take advantage of the exceptional Mediterranean setting for an exclusive and convivial group experience. <a class=\"catamaran-readmore\" href=\"#tab-description\">See <span class=\"arrow\">details\u2193<\/span><\/a> <\/p>\n<p class=\"catamaran-strong\"><strong>At anchor, the two catamarans unite to create a unique, flowing space, offering total freedom of movement on board.<\/strong><\/p>\n<p class=\"catamaran-location\">&#x1f4cd; Port de la Rague &#8211; Mandelieu<\/p>\n<\/div>\n<\/div>\n","protected":false},"featured_media":6487,"comment_status":"closed","ping_status":"closed","template":"","meta":[],"product_brand":[],"product_cat":[41],"product_tag":[],"class_list":{"0":"post-6566","1":"product","2":"type-product","3":"status-publish","4":"has-post-thumbnail","6":"product_cat-uncategorized","8":"first","9":"instock","10":"virtual","11":"sold-individually","12":"taxable","13":"purchasable","14":"product-type-booking"},"booking_location":"","booking_location_type":"","booking_duration":8,"booking_duration_unit":"hour","booking_buffer":0,"booking_cost":0,"booking_resources":[5072,5069],"exclude_global_add_ons":false,"addons":[{"name":"Menu packages","type":"multiple_choice","position":0,"required":false,"title_format":"label","default":"","description_enable":true,"description":"<i>(Price per person)<\/i> - <a href=\"https:\/\/www.nomadcatamaran.com\/menu\/\" target=\"_blank\">See menus<\/a>","placeholder_enable":false,"placeholder":"","display":"select","restrictions_type":"any_text","adjust_price":false,"price":"","price_type":"flat_fee","restrictions":false,"min":"0","max":"0","options":[{"label":"M \u2013 Appetizer + Main Course","price":"28","price_type":"quantity_based","image":0,"visibility":true},{"label":"L \u2013 Appetizer + Main Course + Dessert","price":"36","price_type":"quantity_based","image":0,"visibility":true},{"label":"XL \u2013 Appetizer + Main Course + Cheese + Dessert","price":"44","price_type":"quantity_based","image":0,"visibility":true}],"id":1774632456},{"name":"Aperitif box","type":"multiple_choice","position":1,"required":false,"title_format":"label","default":"","description_enable":true,"description":"<i>(Box 4 persons + macaroons)<\/i> - <a href=\"https:\/\/www.nomadcatamaran.com\/menu\/\" target=\"_blank\">See the boxes<\/a>","placeholder_enable":false,"placeholder":"","display":"select","restrictions_type":"any_text","adjust_price":false,"price":"","price_type":"flat_fee","restrictions":false,"min":"0","max":"0","options":[{"label":"1 box","price":"116","price_type":"flat_fee","image":0,"visibility":true},{"label":"2 boxes","price":"232","price_type":"flat_fee","image":0,"visibility":true},{"label":"3 boxes","price":"348","price_type":"flat_fee","image":0,"visibility":true},{"label":"4 boxes","price":"464","price_type":"flat_fee","image":0,"visibility":true},{"label":"5 boxes","price":"580","price_type":"flat_fee","image":0,"visibility":true},{"label":"6 boxes","price":"696","price_type":"flat_fee","image":0,"visibility":true},{"label":"7 boxes","price":"812","price_type":"flat_fee","image":0,"visibility":true},{"label":"8 boxes","price":"928","price_type":"flat_fee","image":0,"visibility":true},{"label":"9 boxes","price":"1044","price_type":"flat_fee","image":0,"visibility":true},{"label":"10 boxes","price":"1160","price_type":"flat_fee","image":0,"visibility":true},{"label":"11 boxes","price":"1276","price_type":"flat_fee","image":0,"visibility":true},{"label":"12 boxes","price":"1392","price_type":"flat_fee","image":0,"visibility":true}],"id":1774632457},{"name":"Gourmet supplement","type":"checkbox","position":2,"required":false,"title_format":"label","default":"","description_enable":true,"description":"<i>(Price per person)<\/i>","placeholder_enable":false,"placeholder":"","display":"select","restrictions_type":"any_text","adjust_price":false,"price":"","price_type":"flat_fee","restrictions":false,"min":"0","max":"0","options":[{"label":"Fruit platter","price":"10","price_type":"quantity_based","image":0,"visibility":true}],"id":1774632458},{"name":"Additional hour(s)","type":"multiple_choice","position":3,"required":false,"title_format":"label","default":"","description_enable":false,"description":"","placeholder_enable":false,"placeholder":"","display":"select","restrictions_type":"any_text","adjust_price":false,"price":"","price_type":"flat_fee","restrictions":false,"min":"0","max":"0","options":[{"label":"+1 hour (\u2264 12 people) - Fixed price","price":"20","price_type":"quantity_based","image":0,"visibility":true},{"label":"+1 hour (> 12 people) - Price\/pers.","price":"40","price_type":"quantity_based","image":0,"visibility":true}],"id":1774632459},{"name":"Nautical options","type":"multiple_choice","position":4,"required":false,"title_format":"label","default":"","description_enable":true,"description":"","placeholder_enable":false,"placeholder":"","display":"images","restrictions_type":"any_text","adjust_price":false,"price":"","price_type":"flat_fee","restrictions":false,"min":"0","max":"0","options":[{"label":"Giant inflatable slide","price":"150","price_type":"flat_fee","image":4646,"visibility":true},{"label":"Giant 4-person sofa","price":"100","price_type":"flat_fee","image":4645,"visibility":true}],"id":1774632460}],"yoast_head":"<!-- This site is optimized with the Yoast SEO plugin v27.5 - https:\/\/yoast.com\/product\/yoast-seo-wordpress\/ -->\n<title>Private catamaran excursion - DAY (8h) - DUO Formula - nomadcatamaran.com<\/title>\n<meta name=\"robots\" content=\"index, follow, max-snippet:-1, max-image-preview:large, max-video-preview:-1\" \/>\n<link rel=\"canonical\" href=\"https:\/\/www.nomadcatamaran.com\/en\/booking\/private-catamaran-excursion-day-8h-duo-formula\/\" \/>\n<meta property=\"og:locale\" content=\"en_US\" \/>\n<meta property=\"og:type\" content=\"article\" \/>\n<meta property=\"og:title\" content=\"Private catamaran excursion - DAY (8h) - DUO Formula - nomadcatamaran.com\" \/>\n<meta property=\"og:description\" content=\"Private Catamaran Excursion - DUO -&gt; DAY &#x23f1;&#xfe0f; 8h &#x1f557; 9h - 17h &#x26f5; DUO &#x1f465; 24-36 pers. Escape the crowds and treat yourself to a unique experience at sea aboard two catamarans. Take advantage of the exceptional Mediterranean setting for an exclusive and convivial group experience. See details\u2193  At anchor, the two catamarans unite to create a unique, flowing space, offering total freedom of movement on board. &#x1f4cd; Port de la Rague - Mandelieu\" \/>\n<meta property=\"og:url\" content=\"https:\/\/www.nomadcatamaran.com\/en\/booking\/private-catamaran-excursion-day-8h-duo-formula\/\" \/>\n<meta property=\"og:site_name\" content=\"nomadcatamaran.com\" \/>\n<meta property=\"article:modified_time\" content=\"2026-04-16T15:07:11+00:00\" \/>\n<meta property=\"og:image\" content=\"https:\/\/www.nomadcatamaran.com\/wp-content\/uploads\/formule-duo-nomad_02.jpg\" \/>\n\t<meta property=\"og:image:width\" content=\"766\" \/>\n\t<meta property=\"og:image:height\" content=\"856\" \/>\n\t<meta property=\"og:image:type\" content=\"image\/jpeg\" \/>\n<meta name=\"twitter:card\" content=\"summary_large_image\" \/>\n<meta name=\"twitter:label1\" content=\"Est. reading time\" \/>\n\t<meta name=\"twitter:data1\" content=\"3 minutes\" \/>\n<script type=\"application\/ld+json\" class=\"yoast-schema-graph\">{\"@context\":\"https:\\\/\\\/schema.org\",\"@graph\":[{\"@type\":\"WebPage\",\"@id\":\"https:\\\/\\\/www.nomadcatamaran.com\\\/en\\\/booking\\\/private-catamaran-excursion-day-8h-duo-formula\\\/\",\"url\":\"https:\\\/\\\/www.nomadcatamaran.com\\\/en\\\/booking\\\/private-catamaran-excursion-day-8h-duo-formula\\\/\",\"name\":\"Private catamaran excursion - DAY (8h) - DUO Formula - nomadcatamaran.com\",\"isPartOf\":{\"@id\":\"https:\\\/\\\/www.nomadcatamaran.com\\\/en\\\/#website\"},\"primaryImageOfPage\":{\"@id\":\"https:\\\/\\\/www.nomadcatamaran.com\\\/en\\\/booking\\\/private-catamaran-excursion-day-8h-duo-formula\\\/#primaryimage\"},\"image\":{\"@id\":\"https:\\\/\\\/www.nomadcatamaran.com\\\/en\\\/booking\\\/private-catamaran-excursion-day-8h-duo-formula\\\/#primaryimage\"},\"thumbnailUrl\":\"https:\\\/\\\/www.nomadcatamaran.com\\\/wp-content\\\/uploads\\\/formule-duo-nomad_02.jpg\",\"datePublished\":\"2026-04-16T12:36:16+00:00\",\"dateModified\":\"2026-04-16T15:07:11+00:00\",\"breadcrumb\":{\"@id\":\"https:\\\/\\\/www.nomadcatamaran.com\\\/en\\\/booking\\\/private-catamaran-excursion-day-8h-duo-formula\\\/#breadcrumb\"},\"inLanguage\":\"en-US\",\"potentialAction\":[{\"@type\":\"ReadAction\",\"target\":[\"https:\\\/\\\/www.nomadcatamaran.com\\\/en\\\/booking\\\/private-catamaran-excursion-day-8h-duo-formula\\\/\"]}]},{\"@type\":\"ImageObject\",\"inLanguage\":\"en-US\",\"@id\":\"https:\\\/\\\/www.nomadcatamaran.com\\\/en\\\/booking\\\/private-catamaran-excursion-day-8h-duo-formula\\\/#primaryimage\",\"url\":\"https:\\\/\\\/www.nomadcatamaran.com\\\/wp-content\\\/uploads\\\/formule-duo-nomad_02.jpg\",\"contentUrl\":\"https:\\\/\\\/www.nomadcatamaran.com\\\/wp-content\\\/uploads\\\/formule-duo-nomad_02.jpg\",\"width\":766,\"height\":856},{\"@type\":\"BreadcrumbList\",\"@id\":\"https:\\\/\\\/www.nomadcatamaran.com\\\/en\\\/booking\\\/private-catamaran-excursion-day-8h-duo-formula\\\/#breadcrumb\",\"itemListElement\":[{\"@type\":\"ListItem\",\"position\":1,\"name\":\"Accueil\",\"item\":\"https:\\\/\\\/www.nomadcatamaran.com\\\/en\\\/\"},{\"@type\":\"ListItem\",\"position\":2,\"name\":\"Shop\",\"item\":\"https:\\\/\\\/www.nomadcatamaran.com\\\/en\\\/shop\\\/\"},{\"@type\":\"ListItem\",\"position\":3,\"name\":\"Private catamaran excursion &#8211; DAY (8h) &#8211; DUO Formula\"}]},{\"@type\":\"WebSite\",\"@id\":\"https:\\\/\\\/www.nomadcatamaran.com\\\/en\\\/#website\",\"url\":\"https:\\\/\\\/www.nomadcatamaran.com\\\/en\\\/\",\"name\":\"nomadcatamaran.com\",\"description\":\"nomadcatamaran.com\",\"publisher\":{\"@id\":\"https:\\\/\\\/www.nomadcatamaran.com\\\/en\\\/#organization\"},\"potentialAction\":[{\"@type\":\"SearchAction\",\"target\":{\"@type\":\"EntryPoint\",\"urlTemplate\":\"https:\\\/\\\/www.nomadcatamaran.com\\\/en\\\/?s={search_term_string}\"},\"query-input\":{\"@type\":\"PropertyValueSpecification\",\"valueRequired\":true,\"valueName\":\"search_term_string\"}}],\"inLanguage\":\"en-US\"},{\"@type\":\"Organization\",\"@id\":\"https:\\\/\\\/www.nomadcatamaran.com\\\/en\\\/#organization\",\"name\":\"Nomad Catamaran\",\"url\":\"https:\\\/\\\/www.nomadcatamaran.com\\\/en\\\/\",\"logo\":{\"@type\":\"ImageObject\",\"inLanguage\":\"en-US\",\"@id\":\"https:\\\/\\\/www.nomadcatamaran.com\\\/en\\\/#\\\/schema\\\/logo\\\/image\\\/\",\"url\":\"https:\\\/\\\/www.nomadcatamaran.com\\\/wp-content\\\/uploads\\\/2025\\\/07\\\/Logo-NOMAD-Catamaran2025.png\",\"contentUrl\":\"https:\\\/\\\/www.nomadcatamaran.com\\\/wp-content\\\/uploads\\\/2025\\\/07\\\/Logo-NOMAD-Catamaran2025.png\",\"width\":320,\"height\":80,\"caption\":\"Nomad Catamaran\"},\"image\":{\"@id\":\"https:\\\/\\\/www.nomadcatamaran.com\\\/en\\\/#\\\/schema\\\/logo\\\/image\\\/\"}}]}<\/script>\n<!-- \/ Yoast SEO plugin. -->","yoast_head_json":{"title":"Private catamaran excursion - DAY (8h) - DUO Formula - nomadcatamaran.com","robots":{"index":"index","follow":"follow","max-snippet":"max-snippet:-1","max-image-preview":"max-image-preview:large","max-video-preview":"max-video-preview:-1"},"canonical":"https:\/\/www.nomadcatamaran.com\/en\/booking\/private-catamaran-excursion-day-8h-duo-formula\/","og_locale":"en_US","og_type":"article","og_title":"Private catamaran excursion - DAY (8h) - DUO Formula - nomadcatamaran.com","og_description":"Private Catamaran Excursion - DUO -&gt; DAY &#x23f1;&#xfe0f; 8h &#x1f557; 9h - 17h &#x26f5; DUO &#x1f465; 24-36 pers. Escape the crowds and treat yourself to a unique experience at sea aboard two catamarans. Take advantage of the exceptional Mediterranean setting for an exclusive and convivial group experience. See details\u2193  At anchor, the two catamarans unite to create a unique, flowing space, offering total freedom of movement on board. &#x1f4cd; Port de la Rague - Mandelieu","og_url":"https:\/\/www.nomadcatamaran.com\/en\/booking\/private-catamaran-excursion-day-8h-duo-formula\/","og_site_name":"nomadcatamaran.com","article_modified_time":"2026-04-16T15:07:11+00:00","og_image":[{"width":766,"height":856,"url":"https:\/\/www.nomadcatamaran.com\/wp-content\/uploads\/formule-duo-nomad_02.jpg","type":"image\/jpeg"}],"twitter_card":"summary_large_image","twitter_misc":{"Est. reading time":"3 minutes"},"schema":{"@context":"https:\/\/schema.org","@graph":[{"@type":"WebPage","@id":"https:\/\/www.nomadcatamaran.com\/en\/booking\/private-catamaran-excursion-day-8h-duo-formula\/","url":"https:\/\/www.nomadcatamaran.com\/en\/booking\/private-catamaran-excursion-day-8h-duo-formula\/","name":"Private catamaran excursion - DAY (8h) - DUO Formula - nomadcatamaran.com","isPartOf":{"@id":"https:\/\/www.nomadcatamaran.com\/en\/#website"},"primaryImageOfPage":{"@id":"https:\/\/www.nomadcatamaran.com\/en\/booking\/private-catamaran-excursion-day-8h-duo-formula\/#primaryimage"},"image":{"@id":"https:\/\/www.nomadcatamaran.com\/en\/booking\/private-catamaran-excursion-day-8h-duo-formula\/#primaryimage"},"thumbnailUrl":"https:\/\/www.nomadcatamaran.com\/wp-content\/uploads\/formule-duo-nomad_02.jpg","datePublished":"2026-04-16T12:36:16+00:00","dateModified":"2026-04-16T15:07:11+00:00","breadcrumb":{"@id":"https:\/\/www.nomadcatamaran.com\/en\/booking\/private-catamaran-excursion-day-8h-duo-formula\/#breadcrumb"},"inLanguage":"en-US","potentialAction":[{"@type":"ReadAction","target":["https:\/\/www.nomadcatamaran.com\/en\/booking\/private-catamaran-excursion-day-8h-duo-formula\/"]}]},{"@type":"ImageObject","inLanguage":"en-US","@id":"https:\/\/www.nomadcatamaran.com\/en\/booking\/private-catamaran-excursion-day-8h-duo-formula\/#primaryimage","url":"https:\/\/www.nomadcatamaran.com\/wp-content\/uploads\/formule-duo-nomad_02.jpg","contentUrl":"https:\/\/www.nomadcatamaran.com\/wp-content\/uploads\/formule-duo-nomad_02.jpg","width":766,"height":856},{"@type":"BreadcrumbList","@id":"https:\/\/www.nomadcatamaran.com\/en\/booking\/private-catamaran-excursion-day-8h-duo-formula\/#breadcrumb","itemListElement":[{"@type":"ListItem","position":1,"name":"Accueil","item":"https:\/\/www.nomadcatamaran.com\/en\/"},{"@type":"ListItem","position":2,"name":"Shop","item":"https:\/\/www.nomadcatamaran.com\/en\/shop\/"},{"@type":"ListItem","position":3,"name":"Private catamaran excursion &#8211; DAY (8h) &#8211; DUO Formula"}]},{"@type":"WebSite","@id":"https:\/\/www.nomadcatamaran.com\/en\/#website","url":"https:\/\/www.nomadcatamaran.com\/en\/","name":"nomadcatamaran.com","description":"nomadcatamaran.com","publisher":{"@id":"https:\/\/www.nomadcatamaran.com\/en\/#organization"},"potentialAction":[{"@type":"SearchAction","target":{"@type":"EntryPoint","urlTemplate":"https:\/\/www.nomadcatamaran.com\/en\/?s={search_term_string}"},"query-input":{"@type":"PropertyValueSpecification","valueRequired":true,"valueName":"search_term_string"}}],"inLanguage":"en-US"},{"@type":"Organization","@id":"https:\/\/www.nomadcatamaran.com\/en\/#organization","name":"Nomad Catamaran","url":"https:\/\/www.nomadcatamaran.com\/en\/","logo":{"@type":"ImageObject","inLanguage":"en-US","@id":"https:\/\/www.nomadcatamaran.com\/en\/#\/schema\/logo\/image\/","url":"https:\/\/www.nomadcatamaran.com\/wp-content\/uploads\/2025\/07\/Logo-NOMAD-Catamaran2025.png","contentUrl":"https:\/\/www.nomadcatamaran.com\/wp-content\/uploads\/2025\/07\/Logo-NOMAD-Catamaran2025.png","width":320,"height":80,"caption":"Nomad Catamaran"},"image":{"@id":"https:\/\/www.nomadcatamaran.com\/en\/#\/schema\/logo\/image\/"}}]}},"_links":{"self":[{"href":"https:\/\/www.nomadcatamaran.com\/en\/wp-json\/wp\/v2\/product\/6566","targetHints":{"allow":["GET"]}}],"collection":[{"href":"https:\/\/www.nomadcatamaran.com\/en\/wp-json\/wp\/v2\/product"}],"about":[{"href":"https:\/\/www.nomadcatamaran.com\/en\/wp-json\/wp\/v2\/types\/product"}],"replies":[{"embeddable":true,"href":"https:\/\/www.nomadcatamaran.com\/en\/wp-json\/wp\/v2\/comments?post=6566"}],"wp:featuredmedia":[{"embeddable":true,"href":"https:\/\/www.nomadcatamaran.com\/en\/wp-json\/wp\/v2\/media\/6487"}],"wp:attachment":[{"href":"https:\/\/www.nomadcatamaran.com\/en\/wp-json\/wp\/v2\/media?parent=6566"}],"wp:term":[{"taxonomy":"product_brand","embeddable":true,"href":"https:\/\/www.nomadcatamaran.com\/en\/wp-json\/wp\/v2\/product_brand?post=6566"},{"taxonomy":"product_cat","embeddable":true,"href":"https:\/\/www.nomadcatamaran.com\/en\/wp-json\/wp\/v2\/product_cat?post=6566"},{"taxonomy":"product_tag","embeddable":true,"href":"https:\/\/www.nomadcatamaran.com\/en\/wp-json\/wp\/v2\/product_tag?post=6566"}],"curies":[{"name":"wp","href":"https:\/\/api.w.org\/{rel}","templated":true}]}}